{"id":94603,"date":"2025-11-21T12:48:11","date_gmt":"2025-11-21T11:48:11","guid":{"rendered":"https:\/\/neusmillan.com\/politica-de-privacitat\/"},"modified":"2025-12-12T15:24:39","modified_gmt":"2025-12-12T14:24:39","slug":"politica-de-privacidad","status":"publish","type":"page","link":"https:\/\/neusmillan.com\/es\/politica-de-privacidad\/","title":{"rendered":"Pol\u00edtica de privacidad"},"content":{"rendered":"\t\t<div data-elementor-type=\"wp-page\" data-elementor-id=\"94603\" class=\"elementor elementor-94603 elementor-94454\" data-elementor-post-type=\"page\">\n\t\t\t\t<div class=\"elementor-element elementor-element-b152e2c e-con-full e-flex e-con e-parent\" data-id=\"b152e2c\" data-element_type=\"container\" data-e-type=\"container\">\n\t\t<div class=\"elementor-element elementor-element-6a26325 e-con-full e-flex e-con e-child\" data-id=\"6a26325\" data-element_type=\"container\" data-e-type=\"container\">\n\t\t\t\t<div class=\"elementor-element elementor-element-57d2a01 elementor-widget elementor-widget-text-editor\" data-id=\"57d2a01\" data-element_type=\"widget\" data-e-type=\"widget\" data-widget_type=\"text-editor.default\">\n\t\t\t\t\t\t\t\t\t<p><strong>Ante todo, te hacemos un peque\u00f1o resumen de nuestra pol\u00edtica de privacidad:<\/strong><\/p><ol><li>No guardamos tus datos, s\u00f3lo en caso de que nos env\u00edes un correo o formulario tus datos los recibimos para poder contestarte y nunca, en ning\u00fan caso, los damos a terceros.<\/li><li>No utilizamos ninguna herramienta de rastreo. Ni de Facebook, ni de Google, ni de terceros.<\/li><\/ol><p>Y ahora\u2026 la parte legal:<\/p><p class=\"has-medium-font-size\"><strong>Responsable \u2013 \u00bfqui\u00e9n es el responsable del tratamiento de los datos?<\/strong><\/p><p class=\"has-normal-font-size\">Identidad: Neus Millan \u2013 El mirall de les sexualitats<br \/>Domicilio social: Plaza de las Ollas 3, 1r. 08460 Santa Mar\u00eda de Palautordera<br \/>DNI: 47809312v<br \/>Tel\u00e9fono: 677376911<br \/>Correo Electr\u00f3nico: hola@neusmillan.com<br \/>Contacto: Neus Millan<br \/>N\u00famero del dominio: https:\/\/neusmillan.com<\/p><p class=\"has-medium-font-size\"><strong>Finalidades \u2013 \u00bfcon qu\u00e9 fines tratamos tus datos?<\/strong><\/p><p>En cumplimiento de lo dispuesto en el Reglamento Europeo 2016\/679 General de Protecci\u00f3n de Datos, te informamos de qu\u00e9 trataremos los datos que nos facilites para:<\/p><p>Remitir peri\u00f3dicamente comunicaciones sobre servicios, eventos y noticias relacionadas con las actividades desarrolladas por Neus Millan \u2013 El mirall de les sexualitats, por cualquier medio (tel\u00e9fono o email), salvo que se indique lo contrario o el usuario se oponga o revoque su consentimiento.<br \/>Remitir informaci\u00f3n comercial y\/o promocional relacionada con el sector de servicios contratados y valor a\u00f1adido para usuarios finales, salvo que se indique lo contrario o el usuario se oponga o revoque su consentimiento.<br \/>Dar cumplimiento a las obligaciones legalmente establecidas, as\u00ed como verificar el cumplimiento de las obligaciones contractuales, inclu\u00eda la prevenci\u00f3n de fraude.<br \/>Cesi\u00f3n de datos a organismos y autoridades, siempre que sean requeridos conforme a las disposiciones legales y reglamentarias.<\/p><p class=\"has-medium-font-size\"><strong>Categories de dades \u2013 Quines dades tractem?<\/strong><\/p><p>Derivada de las finalidades antes mencionadas, Neus Millan \u2013 El mirall de les sexualitats gestionamos las siguientes categor\u00edas de datos:<\/p><ul class=\"wp-block-list\"><li>Datos identificativos<br \/>Metadatos de comunicaciones electr\u00f3nicas<\/li><li>Datos de informaci\u00f3n comercial. En caso de que el usuario facilite datos de terceros, manifiesta contar con el consentimiento de \u00e9stos y se compromete a trasladarle la informaci\u00f3n contenida en esta cl\u00e1usula, eximiendo a Neus Millan \u2013 El mirall de les sexualitats de cualquier responsabilidad en este sentido.<\/li><li>Sin embargo, Neus Millan \u2013 El mirall de les sexualitats podr\u00e1 llevar a cabo las verificaciones para constatar este hecho, adoptando las medidas de diligencia debida que correspondan, conforme a la normativa de protecci\u00f3n de datos.<\/li><\/ul><p class=\"has-medium-font-size\"><strong>Legitimaci\u00f3n \u2013 \u00bfcu\u00e1l es la legitimaci\u00f3n para el tratamiento de tus datos?<\/strong><\/p><p>El tratamiento de datos cuyo fin es el env\u00edo de boletines peri\u00f3dicos (newslettering) sobre servicios, eventos y noticias relacionadas con nuestra actividad profesional se basa en el consentimiento del interesado, solicitado expresamente para llevar a cabo estos tratamientos, de acuerdo con la normativa vigente.<br \/>Adem\u00e1s, la legitimaci\u00f3n para el tratamiento de los datos relacionados con ofertas o colaboraciones se basan en el consentimiento del usuario que remite sus datos, que puede retirar en cualquier momento, si bien esto puede afectar a la posible comunicaci\u00f3n de forma fluida y obstrucci\u00f3n de procesos que desea realizar.<\/p><p>Por \u00faltimo, los datos se podr\u00e1n utilizar para dar cumplimiento a las obligaciones legales aplicables a Neus Millan \u2013 El mirall de les sexualitats<\/p><p class=\"has-medium-font-size\"><strong>Plazo de Conservaci\u00f3n de los Datos \u2013 \u00bfPor cu\u00e1nto tiempo vamos a conservar tus datos?<\/strong><\/p><p>Neus Millan \u2013 El mirall de les sexualitats conservar\u00e1 los datos personales de los usuarios \u00fanicamente durante el tiempo necesario para la realizaci\u00f3n de los fines para los que fueron recogidos, mientras no revoque los consentimientos otorgados. Posteriormente, en caso de ser necesario, mantendr\u00e1 la informaci\u00f3n almacenada durante los plazos legalmente establecidos.<\/p><p class=\"has-medium-font-size\"><strong>Destinatarios \u00bfA qu\u00e9 destinatarios se comunicar\u00e1n tus datos?<\/strong><\/p><p>Tus datos podr\u00e1n ser accedidos por aquellos proveedores que prestan servicios en Neus Millan \u2013 El mirall de les sexualitats, tales como servicios de alojamiento, herramientas de marketing y sistemas de contenido u otros profesionales, cuando esta comunicaci\u00f3n sea necesaria normativamente, o para la ejecuci\u00f3n de los servicios contratados.<\/p><p>Neus Millan \u2013 El mirall de les sexualitats, ha suscrito los correspondientes contratos por encargo de tratamiento con cada uno de los proveedores que prestan servicios en Neus Millan \u2013 El mirall de les sexualitats, con el objetivo de garantizar que estos proveedores tratar\u00e1n tus datos de conformidad con lo que se establece en la legislaci\u00f3n vigente.<\/p><p>Tambi\u00e9n podr\u00e1n ser cedidos a las Fuerzas y Cuerpos de Seguridad del Estado en los casos en que exista una obligaci\u00f3n legal.<\/p><p>Bancos y entidades financieras para el cobro de los servicios.<br \/>Administraciones p\u00fablicas con competencia en los sectores de actividad, cuando as\u00ed lo establezca la normativa vigente.<br \/>Seguridad de la Informaci\u00f3n \u2013 \u00bfQu\u00e9 medidas de seguridad implantamos para cuidar sus datos?<\/p><p>Para proteger las distintas tipolog\u00edas de datos reflejadas en esta pol\u00edtica de privacidad llevar\u00e1 a cabo las medidas de seguridad t\u00e9cnicas necesarias para evitar su p\u00e9rdida, manipulaci\u00f3n, difusi\u00f3n o alteraci\u00f3n.<\/p><p>Encriptaci\u00f3n de las comunicaciones entre el dispositivo del usuario y los servidores de Neus Millan \u2013 El mirall de les sexualitats<br \/>Encriptaci\u00f3n de la informaci\u00f3n en los propios servidores de Neus Millan \u2013 El mirall de les sexualitats<br \/>Otras medidas que eviten el acceso a los datos del usuario por parte de terceros.<br \/>En aquellos casos en los que Neus Millan \u2013 El mirall de les sexualitats cuente con prestamistas de servicio para el mantenimiento de la plataforma que se encuentren fuera de la Uni\u00f3n Europea, estas transferencias internacionales se hayan regularizadas atendiendo al compromiso de Neus Millan \u2013 El mirall de les sexualitats con la protecci\u00f3n, integridad y seguridad de los datos personales de los usuarios.<\/p><p>Derechos \u2013 \u00bfCu\u00e1les son tus derechos cuando nos facilitas tus datos y c\u00f3mo puedes ejercerlos?<\/p><p>Tienes derecho a obtener confirmaci\u00f3n sobre si Neus Millan \u2013 El mirall de les sexualitats estamos tratando datos personales que te conciernan, o no.<br \/>Asimismo, tienes derecho a acceder a tus datos personales, as\u00ed como a solicitar la rectificaci\u00f3n de los datos inexactos o, en su caso, solicitar su supresi\u00f3n cuando, entre otros motivos, los datos ya no sean necesarios para los fines recogidos.<\/p><p>En determinadas circunstancias, podr\u00e1s solicitar la limitaci\u00f3n del tratamiento de tus datos, en cuyo caso \u00fanicamente los conservaremos para el ejercicio o la defensa de reclamaciones.<br \/>En determinadas circunstancias y por motivos relacionados con su situaci\u00f3n particular, podr\u00e1s oponerte al tratamiento de tus datos. Neus Millan \u2013 El mirall de les sexualitats dejar\u00e1 de tratar los datos, salvo por motivos imperiosos leg\u00edtimos, o el ejercicio o la defensa de posibles reclamaciones.<\/p><p>Asimismo, puedes ejercer el derecho a la portabilidad de los datos, as\u00ed como retirar los consentimientos facilitados en cualquier momento, sin que ello afecte a la licitud del tratamiento basado en el consentimiento previo a su retirada.<\/p><p>Si deseas utilizar cualquiera de tus derechos puede dirigirse a hola@neusmillan.com.<\/p><p>Por \u00faltimo, te informamos que puedes dirigirte ante la Agencia Espa\u00f1ola de Protecci\u00f3n de Datos y otros organismos p\u00fablicos competentes para cualquier reclamaci\u00f3n derivada del tratamiento de tus datos personales.<br \/>Modificaci\u00f3n de la pol\u00edtica de privacidad<\/p><p>Neus Millan \u2013 El mirall de les sexualitats podr\u00e1 modificar la presente Pol\u00edtica de Privacidad en cualquier momento, siendo publicadas las sucesivas versiones en el Sitio Web. En cualquier caso, Neus Millan \u2013 El mirall de les sexualitats comunicar\u00e1 con previo aviso las modificaciones de la presente pol\u00edtica que afecten a los usuarios a fin de que puedan aceptar las mismas.<\/p><p>La presente Pol\u00edtica de Privacidad se encuentra actualizada a fecha 27\/12\/2018 Neus Millan \u2013 El mirall de les sexualitats (Espa\u00f1a). Todos los derechos reservados.<\/p><p>Si lo deseas tambi\u00e9n puedes consultar nuestra Pol\u00edtica de Cookies.<\/p><p>\u00a0<\/p>\t\t\t\t\t\t\t\t<\/div>\n\t\t\t\t<\/div>\n\t\t\t\t<\/div>\n\t\t\t\t<\/div>\n\t\t","protected":false},"excerpt":{"rendered":"<p>Ante todo, te hacemos un peque\u00f1o resumen de nuestra pol\u00edtica de privacidad: No guardamos tus datos, s\u00f3lo en caso de que nos env\u00edes un correo o formulario tus datos los recibimos para poder contestarte y nunca, en ning\u00fan caso, los damos a terceros. No utilizamos ninguna herramienta de rastreo. Ni de Facebook, ni de Google,&hellip;<\/p>\n","protected":false},"author":1,"featured_media":0,"parent":0,"menu_order":997,"comment_status":"closed","ping_status":"closed","template":"","meta":{"footnotes":""},"class_list":["post-94603","page","type-page","status-publish","hentry"],"_links":{"self":[{"href":"https:\/\/neusmillan.com\/es\/wp-json\/wp\/v2\/pages\/94603","targetHints":{"allow":["GET"]}}],"collection":[{"href":"https:\/\/neusmillan.com\/es\/wp-json\/wp\/v2\/pages"}],"about":[{"href":"https:\/\/neusmillan.com\/es\/wp-json\/wp\/v2\/types\/page"}],"author":[{"embeddable":true,"href":"https:\/\/neusmillan.com\/es\/wp-json\/wp\/v2\/users\/1"}],"replies":[{"embeddable":true,"href":"https:\/\/neusmillan.com\/es\/wp-json\/wp\/v2\/comments?post=94603"}],"version-history":[{"count":5,"href":"https:\/\/neusmillan.com\/es\/wp-json\/wp\/v2\/pages\/94603\/revisions"}],"predecessor-version":[{"id":94729,"href":"https:\/\/neusmillan.com\/es\/wp-json\/wp\/v2\/pages\/94603\/revisions\/94729"}],"wp:attachment":[{"href":"https:\/\/neusmillan.com\/es\/wp-json\/wp\/v2\/media?parent=94603"}],"curies":[{"name":"wp","href":"https:\/\/api.w.org\/{rel}","templated":true}]}}